{"id":294,"date":"2019-03-20T20:21:15","date_gmt":"2019-03-20T19:21:15","guid":{"rendered":"https:\/\/pensierirotondi.com\/0virgola6\/?page_id=294"},"modified":"2020-03-19T16:00:29","modified_gmt":"2020-03-19T15:00:29","slug":"ne-parlano","status":"publish","type":"page","link":"https:\/\/pensierirotondi.com\/0virgola6\/ne-parlano\/","title":{"rendered":"Ne parlano"},"content":{"rendered":"<h3><strong>Un&#8217;autrice scoperta per un caso fortuito quanto felicissimo. Una penna rara<\/strong><\/h3>\n<p>&nbsp;<\/p>\n<p>In un periodo in cui spilucco svogliata tantissimi libri, gradendone alcuni, bocciandone altri, ma senza reale partecipazione,senza reale stimolo o desiderio di<span class=\"text_exposed_show\">\u00a0condivisione, incrocio una perla.<\/span><\/p>\n<div class=\"text_exposed_show\">\n<p>Un&#8217;autrice scoperta per un caso fortuito quanto felicissimo. Una penna rara. Sublime. Incisiva e vera. La parola che si sostanzia in poesia. Poesia superba, poesia cruda, poesia nuova eppur familiare perch\u00e9, in qualche modo, gi\u00e0 silenziosamente viva nella nostra anima.<br \/>\nQuesto \u00e8 un piccolo libricino. Ma quanta vita pu\u00f2 contenere un libricino? \u00c8 una sorta di diario, un flusso continuo di pensieri, cos\u00ec profondamente sinceri da toccarli, da soffrirli, da ingoiarli con insaziabile avidit\u00e0. Lo finisci e poi lo rileggi subito, per cercare di assaporarli anche con calma quei pensieri, di viverli uno per uno, sillaba per sillaba, nell&#8217;inconscio timore di non saperli trattenere tutti.<br \/>\n\u00c8 dolce, \u00e8 amaro, \u00e8 devastante. \u00c8 Vero. Intensamente vero. Felicemente vero. E dolorosamente vero. E non occorre essere madri, n\u00e9 tantomeno donne, per poterlo vivere. N\u00e9 per comprendere quanto generoso sia il dono che questa bravissima autrice ha fatto ai lettori. Con quel totale coraggio (che forse solo le donne sanno avere!) di mettersi completamente a nudo e di consegnarsi a noi priva di qualsiasi rete di protezione.<br \/>\nPS: ho gi\u00e0 letto pi\u00f9 volte libri in self publishing, alcuni anche notevoli,ma raramente privi di qualche, sia pur minimo, refuso. Questo \u00e8 praticamente perfetto! Una delle voci femminili pi\u00f9 felici del nostro panorama letterario. Non ti abbandoner\u00f2!!!!<\/p>\n<p>Rosamaria C.<\/p>\n<hr \/>\n<\/div>\n<h3><strong>Silvia:\u00a0ogni<span class=\"text_exposed_show\">\u00a0emozione di chi legge aggiunge un piccolo stupore<\/span><\/strong><\/h3>\n<p>&nbsp;<\/p>\n<div class=\"\" data-block=\"true\" data-editor=\"4fvev\" data-offset-key=\"emrhe-0-0\">\n<p>\u00abIl suo libro \u00e8 potente.<br \/>\nLa storia che narra \u00e8 una storia molto forte, che parla di amore, responsabilit\u00e0, paura, coraggio, forza.<br \/>\n\u00c8 una storia narrata in modo crudo, diretto e profondo, che ti colpisce allo stomaco come sa fare la vita\u00bb.<\/p>\n<p><a href=\"https:\/\/scintilledigioia.blogspot.com\/2019\/07\/0-virgola-6-un-libro-che-tocca-lanima.html\" target=\"_blank\" rel=\"noopener\">https:\/\/scintilledigioia.blogspot.com\/2019\/07\/0-virgola-6-un-libro-che-tocca-lanima.html<\/a><\/p>\n<hr \/>\n<h3><strong>Brunella e il suo modo di raccontarmi, donando un pezzo di s\u00e9<\/strong><\/h3>\n<p>&nbsp;<\/p>\n<p>\u00abMaddalena ci conduce nelle stanze della sua casa, nei suoi luoghi pi\u00f9 intimi, senza farci sentire degli estranei. In certi momenti ti immedesimi, in altri invece vorresti stringerle la mano, come se fosse tua amica da sempre. E dirle che no, non \u00e8 sola e che l\u2019amore, alla fine, ci salva sempre\u00bb.<\/p>\n<p>Ci sono lettori cui sai di aver dato tanto. Forse per\u00f2 sono loro a non sapere quanto hanno dato a te.<br \/>\nBrunella ha scritto una recensione personalissima in cui intreccia un pezzo<span class=\"text_exposed_show\">\u00a0di s\u00e9 dando un valore inestimabile alle sue parole.<br \/>\nUn grazie immenso.<\/span><br \/>\n<a href=\"https:\/\/www.mammawriter.it\/consigli\/regali\/0-virgola-6-un-libro-che-vale-la-pena-regalarsi\/\" target=\"_blank\" rel=\"noopener\">https:\/\/www.mammawriter.it\/consigli\/regali\/0-virgola-6-un-libro-che-vale-la-pena-regalarsi\/<\/a><\/p>\n<\/div>\n<hr \/>\n<h3><strong>La storia che non avrei mai creduto di scrivere<\/strong><\/h3>\n<p>&nbsp;<\/p>\n<p>Carissime mamme,<br \/>\nquando mi rivolgo a voi, io non penso a una nube informe di donne ignote: io penso a te, che aspetti un figlio e ormai sei vicina al giorno in cui lo toccherai. A te che corri dietro ai suoi capricci e poi sorridi scoprendo che tutte sclerano. A te che hai lottato con le lacrime perch\u00e9 il figlio se n\u2019era andato nel gorgo di un bagno. E poi ci hai riprovato. A te che stai pensando al secondo bambino: per\u00f2 hai un po\u2019 paura. E poi forse leggi di me, che ne ho tre, e ti vien voglia di allargare la famiglia. Oppure di dire \u00abnon se ne parla\u00bb.<\/p>\n<p>Be\u2019, la vita non la decidiamo solo noi. L\u2019ho capito a quarantacinque anni.<br \/>\nMi siedo qui, oggi, e ho bisogno di te.<br \/>\n&#8230;<\/p>\n<blockquote class=\"wp-embedded-content\" data-secret=\"kC10qEf7lx\"><p><a href=\"https:\/\/www.maternita.it\/0-virgola-6-la-storia-che-non-avrei-mai-creduto-di-scrivere.html\">\u00ab0 virgola 6\u00bb: la storia che non avrei mai creduto di scrivere<\/a><\/p><\/blockquote>\n<p><iframe loading=\"lazy\" class=\"wp-embedded-content\" sandbox=\"allow-scripts\" security=\"restricted\" style=\"position: absolute; clip: rect(1px, 1px, 1px, 1px);\" src=\"https:\/\/www.maternita.it\/0-virgola-6-la-storia-che-non-avrei-mai-creduto-di-scrivere.html\/embed#?secret=kC10qEf7lx\" data-secret=\"kC10qEf7lx\" width=\"600\" height=\"338\" title=\"&#8220;\u00ab0 virgola 6\u00bb: la storia che non avrei mai creduto di scrivere&#8221; &#8212; Maternita.it\" frameborder=\"0\" marginwidth=\"0\" marginheight=\"0\" scrolling=\"no\"><\/iframe><\/p>\n<div class=\"\" data-block=\"true\" data-editor=\"4fvev\" data-offset-key=\"emrhe-0-0\">\n<hr \/>\n<h3 data-offset-key=\"emrhe-0-0\"><strong>L&#8217;emozione di Giulia<\/strong><\/h3>\n<p>&nbsp;<\/p>\n<div class=\"_1mf _1mj\" data-offset-key=\"emrhe-0-0\"><span class=\"_247o\" spellcheck=\"false\" data-offset-key=\"emrhe-0-0\"><span data-offset-key=\"emrhe-0-0\">Giulia<\/span><\/span><span data-offset-key=\"emrhe-1-0\"> dice di aver pianto. In verit\u00e0 anche lei, con questa testimonianza, ha commosso me. Ci sono storie che scambiano cuori, li portano all&#8217;unisono, e poi quando il tuo ti torna in petto non sei pi\u00f9 come prima.<\/span><\/div>\n<\/div>\n<div class=\"\" data-block=\"true\" data-editor=\"4fvev\" data-offset-key=\"7rphc-0-0\">\n<div class=\"_1mf _1mj\" data-offset-key=\"7rphc-0-0\"><span data-offset-key=\"7rphc-0-0\">Grazie Giulia.<\/span><\/div>\n<div data-offset-key=\"7rphc-0-0\"><a href=\"https:\/\/mammavvocato.blogspot.com\/2019\/02\/le-letture-di-mamma-avvocato-0-virgola.html\" target=\"_blank\" rel=\"noopener\">https:\/\/mammavvocato.blogspot.com\/2019\/02\/le-letture-di-mamma-avvocato-0-virgola.html<\/a><\/div>\n<hr \/>\n<h3 data-offset-key=\"7rphc-0-0\"><strong>Le parole di Elisabetta<\/strong><\/h3>\n<p>&nbsp;<\/p>\n<p>\u00abMaddalena ha avuto il coraggio di raccontare la sua storia, anzi, una testimonianza vera, scritta in tempo reale, diretta, senza freni o inibizioni, non perch\u00e9 la memoria\u00a0 possa sbiadire la vividit\u00e0 del ricordo ma per dimostrare che gli stessi pensieri risiedono nel cuore di tutti, hanno solo una paura maledetta di essere espressi e, solo leggendo, ci si accorge di non essere pi\u00f9 i soli a provarli\u00bb.<br \/>\n<a href=\"https:\/\/elisabettagrafica.blogspot.com\/2019\/02\/0-virgola-6.html\" target=\"_blank\" rel=\"noopener\">https:\/\/elisabettagrafica.blogspot.com\/2019\/02\/0-virgola-6.html<\/a><\/p>\n<hr \/>\n<h3 data-offset-key=\"7rphc-0-0\"><strong>Parole Fertili<\/strong><\/h3>\n<p>&nbsp;<\/p>\n<p>Siamo davvero, tutte, cos\u00ec diverse?<br \/>\nNon abbiamo forse dolori, vittorie e perdite, sogni che ci somigliano e animi che non riescono a portarci ai sogni?\u00a0Abbiamo tutte dei conflitti, dentro. Qualcuna li mostra, altre meno. Io ho deciso di raccontare il mio.<br \/>\n<a href=\"https:\/\/www.parolefertili.it\/2019\/01\/30\/0-virgola-6\/\" target=\"_blank\" rel=\"noopener\">https:\/\/www.parolefertili.it\/2019\/01\/30\/0-virgola-6\/<\/a><\/p>\n<hr \/>\n<h3><strong>L&#8217;intervista di Noemi<\/strong><\/h3>\n<p>&nbsp;<\/p>\n<p>A qualche settimana dall&#8217;intervista che mi ha fatto, Unadonnaalcontrario torna dopo aver letto il mio libro \u00ab0 virgola 6\u00bb.<br \/>\nLa cosa pi\u00f9 bella nel senso di &#8220;emozionalmente forte&#8221; \u00e8 il tempo che ha deciso di diluire con cura, e la sincerit\u00e0 inestimabile con cui lo dice. Grazie mille volte.<br \/>\n<a href=\"https:\/\/www.unadonnaalcontrario.com\/2019\/01\/30\/intervista-a-maddalena-capra\/\" target=\"_blank\" rel=\"noopener\">https:\/\/www.unadonnaalcontrario.com\/2019\/01\/30\/intervista-a-maddalena-capra\/<\/a><\/p>\n<hr \/>\n<h3><strong>La dolcezza di Eleonora<\/strong><\/h3>\n<p>&nbsp;<\/p>\n<p>\u00abHo pianto&#8230; tanto ma lo rileggerei ancora, perch\u00e9 parla di un&#8217;amore grande\u00bb.<br \/>\n<a href=\"https:\/\/www.facebook.com\/lettoaquattropiazze\/posts\/1276907312461976\" target=\"_blank\" rel=\"noopener\">https:\/\/www.facebook.com\/lettoaquattropiazze\/posts\/1276907312461976<\/a><\/p>\n<hr \/>\n<\/div>\n<h3><strong>Diana: la forza e la delicatezza<\/strong><\/h3>\n<p>&nbsp;<\/p>\n<p>\u00abMi ha emozionato moltissimo, le sue parole mi sono arrivate forti e dirette. Mi ha scosso e smosso dentro.\u00a0Ha fatto riemergere in me un desiderio che per timore tengo sopito nel mio cuore.\u00a0E ancora adesso, in questo istante, mentre scrivo mi fa salire le lacrime agli occhi\u00bb.<br \/>\n<a href=\"https:\/\/piccolemammecrescono.it\/0-virgola-6-il-racconto-di-maddalena\/\" target=\"_blank\" rel=\"noopener\">https:\/\/piccolemammecrescono.it\/0-virgola-6-il-racconto-di-maddalena\/<\/a><\/p>\n","protected":false},"excerpt":{"rendered":"<p>Un&#8217;autrice scoperta per un caso fortuito quanto felicissimo. Una penna rara &nbsp; In un periodo in cui spilucco svogliata tantissimi libri, gradendone alcuni, bocciandone altri, ma senza reale partecipazione,senza reale stimolo o desiderio di\u00a0condivisione, incrocio una perla. Un&#8217;autrice scoperta per un caso fortuito quanto felicissimo. Una penna rara. Sublime. Incisiva e vera. La parola che si sostanzia in poesia. Poesia &#8230;<\/p>\n","protected":false},"author":1,"featured_media":0,"parent":0,"menu_order":0,"comment_status":"open","ping_status":"open","template":"","meta":{"footnotes":""},"class_list":["post-294","page","type-page","status-publish","hentry","no-post-thumbnail"],"_links":{"self":[{"href":"https:\/\/pensierirotondi.com\/0virgola6\/wp-json\/wp\/v2\/pages\/294","targetHints":{"allow":["GET"]}}],"collection":[{"href":"https:\/\/pensierirotondi.com\/0virgola6\/wp-json\/wp\/v2\/pages"}],"about":[{"href":"https:\/\/pensierirotondi.com\/0virgola6\/wp-json\/wp\/v2\/types\/page"}],"author":[{"embeddable":true,"href":"https:\/\/pensierirotondi.com\/0virgola6\/wp-json\/wp\/v2\/users\/1"}],"replies":[{"embeddable":true,"href":"https:\/\/pensierirotondi.com\/0virgola6\/wp-json\/wp\/v2\/comments?post=294"}],"version-history":[{"count":16,"href":"https:\/\/pensierirotondi.com\/0virgola6\/wp-json\/wp\/v2\/pages\/294\/revisions"}],"predecessor-version":[{"id":345,"href":"https:\/\/pensierirotondi.com\/0virgola6\/wp-json\/wp\/v2\/pages\/294\/revisions\/345"}],"wp:attachment":[{"href":"https:\/\/pensierirotondi.com\/0virgola6\/wp-json\/wp\/v2\/media?parent=294"}],"curies":[{"name":"wp","href":"https:\/\/api.w.org\/{rel}","templated":true}]}}